{"id":536,"date":"2022-01-29T09:12:56","date_gmt":"2022-01-29T09:12:56","guid":{"rendered":"https:\/\/exithappyland.heinzer-it.ch\/?page_id=536"},"modified":"2026-02-24T14:27:00","modified_gmt":"2026-02-24T13:27:00","slug":"impressum","status":"publish","type":"page","link":"https:\/\/exithappyland.ch\/fr\/impressum\/","title":{"rendered":"Mentions l\u00e9gales"},"content":{"rendered":"<div data-elementor-type=\"wp-page\" data-elementor-id=\"536\" class=\"elementor elementor-536\" data-elementor-post-type=\"page\">\n\t\t\t\t\t\t<section class=\"elementor-section elementor-top-section elementor-element elementor-element-f746af5 elementor-section-boxed elementor-section-height-default elementor-section-height-default\" data-id=\"f746af5\" data-element_type=\"section\" data-e-type=\"section\">\n\t\t\t\t\t\t<div class=\"elementor-container elementor-column-gap-default\">\n\t\t\t\t\t<div class=\"elementor-column elementor-col-100 elementor-top-column elementor-element elementor-element-25fa14e\" data-id=\"25fa14e\" data-element_type=\"column\" data-e-type=\"column\">\n\t\t\t<div class=\"elementor-widget-wrap elementor-element-populated\">\n\t\t\t\t\t\t\t<\/div>\n\t\t<\/div>\n\t\t\t\t\t<\/div>\n\t\t<\/section>\n\t\t\t\t<section class=\"elementor-section elementor-top-section elementor-element elementor-element-75f4382 elementor-section-boxed elementor-section-height-default elementor-section-height-default\" data-id=\"75f4382\" data-element_type=\"section\" data-e-type=\"section\">\n\t\t\t\t\t\t<div class=\"elementor-container elementor-column-gap-default\">\n\t\t\t\t\t<div class=\"elementor-column elementor-col-100 elementor-top-column elementor-element elementor-element-9596ad9\" data-id=\"9596ad9\" data-element_type=\"column\" data-e-type=\"column\">\n\t\t\t<div class=\"elementor-widget-wrap elementor-element-populated\">\n\t\t\t\t\t\t<div class=\"elementor-element elementor-element-66b037b elementor-widget elementor-widget-text-editor\" data-id=\"66b037b\" data-element_type=\"widget\" data-e-type=\"widget\" data-widget_type=\"text-editor.default\">\n\t\t\t\t<div class=\"elementor-widget-container\">\n\t\t\t\t\t\t\t\t\t<h1><span style=\"color: #000000;\"><strong>Kontakt-Adresse<\/strong><\/span><\/h1>\n<p><strong><span style=\"color: #000000;\">Verein Exit Happyland<\/span><\/strong><\/p>\n<p><span style=\"color: #000000;\">Thomas Blattmann<br><\/span><span style=\"color: #000000;\">Schmiedgasse 9<br><\/span><span style=\"color: #000000;\">CH-6430 Schwyz<\/span><\/p>\n<p><span style=\"color: #000000;\">Schweiz<\/span><\/p>\n<p><span style=\"color: #000000;\">E-Mail:<\/span><br><span style=\"color: #000000;\">info<\/span><span style=\"color: #000000;\">@exithappyland.ch<\/span><\/p>\n<p><span style=\"color: #000000;\">&nbsp;<\/span><\/p>\n<h1><span style=\"color: #000000;\"><strong>Vertretungsberechtigte Person(en)<\/strong><\/span><\/h1>\n<p><span style=\"color: #000000;\">Thomas Blattmann<\/span><\/p>\n<p><span style=\"color: #000000;\">&nbsp;<\/span><\/p>\n<h1><span style=\"color: #000000;\"><strong>Haftungsausschluss<\/strong><\/span><\/h1>\n<p><span style=\"color: #000000;\">Der Autor \u00fcbernimmt keinerlei Gew\u00e4hr hinsichtlich der inhaltlichen Richtigkeit, Genauigkeit, Aktualit\u00e4t, Zuverl\u00e4ssigkeit und Vollst\u00e4ndigkeit der Informationen.<\/span><\/p>\n<p><span style=\"color: #000000;\">Haftungsanspr\u00fcche gegen den Autor wegen Sch\u00e4den materieller oder immaterieller Art, welche aus dem Zugriff oder der Nutzung bzw. Nichtnutzung der ver\u00f6ffentlichten Informationen, durch Missbrauch der Verbindung oder durch technische St\u00f6rungen entstanden sind, werden ausgeschlossen.<\/span><\/p>\n<p><span style=\"color: #000000;\">Alle Angebote sind unverbindlich. Der Autor beh\u00e4lt es sich ausdr\u00fccklich vor, Teile der Seiten oder das gesamte Angebot ohne besondere Ank\u00fcndigung zu ver\u00e4ndern, zu erg\u00e4nzen, zu l\u00f6schen oder die Ver\u00f6ffentlichung zeitweise oder endg\u00fcltig einzustellen.<\/span><\/p>\n<p><span style=\"color: #000000;\">&nbsp;<\/span><\/p>\n<h1><span style=\"color: #000000;\"><strong>Haftungsausschluss f\u00fcr Links<\/strong><\/span><\/h1>\n<p><span style=\"color: #000000;\">Verweise und Links auf Webseiten Dritter liegen ausserhalb unseres Verantwortungsbereichs. Es wird jegliche Verantwortung f\u00fcr solche Webseiten abgelehnt. Der Zugriff und die Nutzung solcher Webseiten erfolgen auf eigene Gefahr des jeweiligen Nutzers.<\/span><\/p>\n<p><span style=\"color: #000000;\">&nbsp;<\/span><\/p>\n<h1><span style=\"color: #000000;\"><strong>Urheberrechte<\/strong><\/span><\/h1>\n<p><span style=\"color: #000000;\">Die Urheber- und alle anderen Rechte an Inhalten, Bildern, Fotos oder anderen Dateien auf dieser Website, geh\u00f6ren ausschliesslich <strong>dem Verein Exit Happyland<\/strong>&nbsp;oder den speziell genannten Rechteinhabern. F\u00fcr die Reproduktion jeglicher Elemente ist die schriftliche Zustimmung des Urheberrechtstr\u00e4gers im Voraus einzuholen.<\/span><\/p>\n<p><span style=\"color: #000000;\">Quelle: <a style=\"color: #000000;\" href=\"https:\/\/www.swissanwalt.ch\" target=\"_blank\" rel=\"noopener noreferrer\">SwissAnwalt<\/a><br>Stand 24.02.2026<br><\/span><\/p>\t\t\t\t\t\t\t\t<\/div>\n\t\t\t\t<\/div>\n\t\t\t\t\t<\/div>\n\t\t<\/div>\n\t\t\t\t\t<\/div>\n\t\t<\/section>\n\t\t\t\t<\/div>","protected":false},"excerpt":{"rendered":"<p>Kontakt-Adresse Verein Exit Happyland Thomas BlattmannSchmiedgasse 9CH-6430 Schwyz Schweiz E-Mail:info@exithappyland.ch &nbsp; Vertretungsberechtigte Person(en) Thomas Blattmann &nbsp; Haftungsausschluss Der Autor \u00fcbernimmt keinerlei Gew\u00e4hr hinsichtlich der inhaltlichen Richtigkeit, Genauigkeit, Aktualit\u00e4t, Zuverl\u00e4ssigkeit und Vollst\u00e4ndigkeit der Informationen. Haftungsanspr\u00fcche gegen den Autor wegen Sch\u00e4den materieller oder immaterieller Art, welche aus dem Zugriff oder der Nutzung bzw. Nichtnutzung der ver\u00f6ffentlichten Informationen, [&hellip;]<\/p>\n","protected":false},"author":1,"featured_media":0,"parent":0,"menu_order":0,"comment_status":"closed","ping_status":"closed","template":"","meta":{"_acf_changed":false,"inline_featured_image":false,"footnotes":""},"class_list":["post-536","page","type-page","status-publish","hentry"],"acf":[],"_links":{"self":[{"href":"https:\/\/exithappyland.ch\/fr\/wp-json\/wp\/v2\/pages\/536","targetHints":{"allow":["GET"]}}],"collection":[{"href":"https:\/\/exithappyland.ch\/fr\/wp-json\/wp\/v2\/pages"}],"about":[{"href":"https:\/\/exithappyland.ch\/fr\/wp-json\/wp\/v2\/types\/page"}],"author":[{"embeddable":true,"href":"https:\/\/exithappyland.ch\/fr\/wp-json\/wp\/v2\/users\/1"}],"replies":[{"embeddable":true,"href":"https:\/\/exithappyland.ch\/fr\/wp-json\/wp\/v2\/comments?post=536"}],"version-history":[{"count":34,"href":"https:\/\/exithappyland.ch\/fr\/wp-json\/wp\/v2\/pages\/536\/revisions"}],"predecessor-version":[{"id":2608,"href":"https:\/\/exithappyland.ch\/fr\/wp-json\/wp\/v2\/pages\/536\/revisions\/2608"}],"wp:attachment":[{"href":"https:\/\/exithappyland.ch\/fr\/wp-json\/wp\/v2\/media?parent=536"}],"curies":[{"name":"wp","href":"https:\/\/api.w.org\/{rel}","templated":true}]}}