{"id":289,"date":"2022-01-28T10:14:52","date_gmt":"2022-01-28T10:14:52","guid":{"rendered":"https:\/\/exithappyland.heinzer-it.ch\/?page_id=289"},"modified":"2026-03-03T10:00:29","modified_gmt":"2026-03-03T09:00:29","slug":"exit-happyland","status":"publish","type":"page","link":"https:\/\/exithappyland.ch\/fr\/","title":{"rendered":"Exit Happyland"},"content":{"rendered":"<div data-elementor-type=\"wp-page\" data-elementor-id=\"289\" class=\"elementor elementor-289\" data-elementor-post-type=\"page\">\n\t\t\t\t\t\t<section class=\"elementor-section elementor-top-section elementor-element elementor-element-c693738 elementor-section-height-min-height elementor-section-items-top elementor-section-boxed elementor-section-height-default\" data-id=\"c693738\" data-element_type=\"section\" data-e-type=\"section\" data-settings=\"{&quot;background_background&quot;:&quot;classic&quot;}\">\n\t\t\t\t\t\t<div class=\"elementor-container elementor-column-gap-default\">\n\t\t\t\t\t<div class=\"elementor-column elementor-col-100 elementor-top-column elementor-element elementor-element-a4183c2\" data-id=\"a4183c2\" data-element_type=\"column\" data-e-type=\"column\">\n\t\t\t<div class=\"elementor-widget-wrap elementor-element-populated\">\n\t\t\t\t\t\t<div class=\"elementor-element elementor-element-1f24630 elementor-widget elementor-widget-heading\" data-id=\"1f24630\" data-element_type=\"widget\" data-e-type=\"widget\" data-widget_type=\"heading.default\">\n\t\t\t\t<div class=\"elementor-widget-container\">\n\t\t\t\t\t<h2 class=\"elementor-heading-title elementor-size-default\">Projekt Gegen Rassismus und rassistische Diskriminierung in der Arbeitswelt<\/h2>\t\t\t\t<\/div>\n\t\t\t\t<\/div>\n\t\t\t\t\t<\/div>\n\t\t<\/div>\n\t\t\t\t\t<\/div>\n\t\t<\/section>\n\t\t\t\t<section class=\"elementor-section elementor-top-section elementor-element elementor-element-9a40f7e elementor-section-boxed elementor-section-height-default elementor-section-height-default\" data-id=\"9a40f7e\" data-element_type=\"section\" data-e-type=\"section\">\n\t\t\t\t\t\t<div class=\"elementor-container elementor-column-gap-default\">\n\t\t\t\t\t<div class=\"elementor-column elementor-col-100 elementor-top-column elementor-element elementor-element-2184eeb\" data-id=\"2184eeb\" data-element_type=\"column\" data-e-type=\"column\">\n\t\t\t<div class=\"elementor-widget-wrap elementor-element-populated\">\n\t\t\t\t\t\t<div class=\"elementor-element elementor-element-eb4855d elementor-widget elementor-widget-text-editor\" data-id=\"eb4855d\" data-element_type=\"widget\" data-e-type=\"widget\" data-widget_type=\"text-editor.default\">\n\t\t\t\t<div class=\"elementor-widget-container\">\n\t\t\t\t\t\t\t\t\t<p>JCI Innerschwyz initiierte im Jahr 2021 das Antirassismusprojekt \u00abExit Happyland\u00bb. Ziel ist es, Bewusstsein f\u00fcr antirassistisches Denken und Handeln zu schaffen und Rassismus am Arbeitsplatz zu bek\u00e4mpfen. Seit 2024 agiert Exit Happyland als eigenst\u00e4ndiger Verein.<\/p>\t\t\t\t\t\t\t\t<\/div>\n\t\t\t\t<\/div>\n\t\t\t\t<div class=\"elementor-element elementor-element-1cc1e31 elementor-widget elementor-widget-text-editor\" data-id=\"1cc1e31\" data-element_type=\"widget\" data-e-type=\"widget\" data-widget_type=\"text-editor.default\">\n\t\t\t\t<div class=\"elementor-widget-container\">\n\t\t\t\t\t\t\t\t\t<p><i>\u00ab Ensemble, nous brisons le silence sur le racisme dans le monde du travail. Notre charte pose des jalons clairs pour un avenir sans discrimination. Pour une Suisse o\u00f9 l'\u00e9galit\u00e9 des chances et le respect au travail vont de soi \u00bb.<\/i><\/p><p>Thomas Blattmann, initiateur du projet \u00ab Exit Happyland \u00bb.<\/p>\t\t\t\t\t\t\t\t<\/div>\n\t\t\t\t<\/div>\n\t\t\t\t\t<\/div>\n\t\t<\/div>\n\t\t\t\t\t<\/div>\n\t\t<\/section>\n\t\t\t\t<section class=\"elementor-section elementor-top-section elementor-element elementor-element-a81080f elementor-section-height-min-height elementor-section-boxed elementor-section-height-default elementor-section-items-middle\" data-id=\"a81080f\" data-element_type=\"section\" data-e-type=\"section\" data-settings=\"{&quot;background_background&quot;:&quot;classic&quot;}\">\n\t\t\t\t\t\t<div class=\"elementor-container elementor-column-gap-default\">\n\t\t\t\t\t<div class=\"elementor-column elementor-col-100 elementor-top-column elementor-element elementor-element-2592cdb\" data-id=\"2592cdb\" data-element_type=\"column\" data-e-type=\"column\">\n\t\t\t<div class=\"elementor-widget-wrap elementor-element-populated\">\n\t\t\t\t\t\t<div class=\"elementor-element elementor-element-38655e6 elementor-widget__width-initial elementor-widget elementor-widget-text-editor\" data-id=\"38655e6\" data-element_type=\"widget\" data-e-type=\"widget\" data-widget_type=\"text-editor.default\">\n\t\t\t\t<div class=\"elementor-widget-container\">\n\t\t\t\t\t\t\t\t\t<p>Le \u00ab Happyland \u00bb d\u00e9crit l'\u00e9tat de la population blanche avant qu'elle ne soit consciemment et activement confront\u00e9e au racisme !<\/p>\t\t\t\t\t\t\t\t<\/div>\n\t\t\t\t<\/div>\n\t\t\t\t<div class=\"elementor-element elementor-element-632b306 elementor-widget__width-initial elementor-widget elementor-widget-text-editor\" data-id=\"632b306\" data-element_type=\"widget\" data-e-type=\"widget\" data-widget_type=\"text-editor.default\">\n\t\t\t\t<div class=\"elementor-widget-container\">\n\t\t\t\t\t\t\t\t\tExplication : le terme \u00ab Happyland \u00bb vient de\nTupoka Ogette, une conseill\u00e8re en mati\u00e8re de critique du racisme.\t\t\t\t\t\t\t\t<\/div>\n\t\t\t\t<\/div>\n\t\t\t\t<div class=\"elementor-element elementor-element-a5a78a7 elementor-widget__width-initial elementor-widget-tablet__width-initial elementor-absolute elementor-widget elementor-widget-image\" data-id=\"a5a78a7\" data-element_type=\"widget\" data-e-type=\"widget\" data-settings=\"{&quot;_position&quot;:&quot;absolute&quot;}\" data-widget_type=\"image.default\">\n\t\t\t\t<div class=\"elementor-widget-container\">\n\t\t\t\t\t\t\t\t\t\t\t\t\t\t\t<img fetchpriority=\"high\" decoding=\"async\" width=\"800\" height=\"800\" src=\"https:\/\/exithappyland.ch\/wp-content\/uploads\/2022\/01\/arrow-lite-blue.svg\" class=\"attachment-large size-large wp-image-287\" alt=\"blauer_pfeil\" \/>\t\t\t\t\t\t\t\t\t\t\t\t\t\t\t<\/div>\n\t\t\t\t<\/div>\n\t\t\t\t<div class=\"elementor-element elementor-element-f74cf2a elementor-widget__width-initial elementor-absolute elementor-widget elementor-widget-text-editor\" data-id=\"f74cf2a\" data-element_type=\"widget\" data-e-type=\"widget\" data-settings=\"{&quot;_position&quot;:&quot;absolute&quot;}\" data-widget_type=\"text-editor.default\">\n\t\t\t\t<div class=\"elementor-widget-container\">\n\t\t\t\t\t\t\t\t\t<p><a href=\"https:\/\/exithappyland.ch\/fr\/happyland\/\">Pr\u00eat \u00e0 quitter happyland ?<\/a><\/p>\t\t\t\t\t\t\t\t<\/div>\n\t\t\t\t<\/div>\n\t\t\t\t\t<\/div>\n\t\t<\/div>\n\t\t\t\t\t<\/div>\n\t\t<\/section>\n\t\t\t\t<section class=\"elementor-section elementor-top-section elementor-element elementor-element-795a956 elementor-section-boxed elementor-section-height-default elementor-section-height-default\" data-id=\"795a956\" data-element_type=\"section\" data-e-type=\"section\">\n\t\t\t\t\t\t<div class=\"elementor-container elementor-column-gap-default\">\n\t\t\t\t\t<div class=\"elementor-column elementor-col-100 elementor-top-column elementor-element elementor-element-70e192c\" data-id=\"70e192c\" data-element_type=\"column\" data-e-type=\"column\">\n\t\t\t<div class=\"elementor-widget-wrap elementor-element-populated\">\n\t\t\t\t\t\t<div class=\"elementor-element elementor-element-75d004b elementor-widget elementor-widget-spacer\" data-id=\"75d004b\" data-element_type=\"widget\" data-e-type=\"widget\" data-widget_type=\"spacer.default\">\n\t\t\t\t<div class=\"elementor-widget-container\">\n\t\t\t\t\t\t\t<div class=\"elementor-spacer\">\n\t\t\t<div class=\"elementor-spacer-inner\"><\/div>\n\t\t<\/div>\n\t\t\t\t\t\t<\/div>\n\t\t\t\t<\/div>\n\t\t\t\t\t<\/div>\n\t\t<\/div>\n\t\t\t\t\t<\/div>\n\t\t<\/section>\n\t\t\t\t<\/div>","protected":false},"excerpt":{"rendered":"<p>Projekt Gegen Rassismus und rassistische Diskriminierung in der Arbeitswelt JCI Innerschwyz initiierte im Jahr 2021 das Antirassismusprojekt \u00abExit Happyland\u00bb. Ziel ist es, Bewusstsein f\u00fcr antirassistisches Denken und Handeln zu schaffen und Rassismus am Arbeitsplatz zu bek\u00e4mpfen. Seit 2024 agiert Exit Happyland als eigenst\u00e4ndiger Verein. \u201eGemeinsam brechen wir das Schweigen \u00fcber Rassismus in der Arbeitswelt. Unsere [&hellip;]<\/p>\n","protected":false},"author":1,"featured_media":0,"parent":0,"menu_order":0,"comment_status":"closed","ping_status":"closed","template":"","meta":{"_acf_changed":false,"inline_featured_image":false,"footnotes":""},"class_list":["post-289","page","type-page","status-publish","hentry"],"acf":[],"_links":{"self":[{"href":"https:\/\/exithappyland.ch\/fr\/wp-json\/wp\/v2\/pages\/289","targetHints":{"allow":["GET"]}}],"collection":[{"href":"https:\/\/exithappyland.ch\/fr\/wp-json\/wp\/v2\/pages"}],"about":[{"href":"https:\/\/exithappyland.ch\/fr\/wp-json\/wp\/v2\/types\/page"}],"author":[{"embeddable":true,"href":"https:\/\/exithappyland.ch\/fr\/wp-json\/wp\/v2\/users\/1"}],"replies":[{"embeddable":true,"href":"https:\/\/exithappyland.ch\/fr\/wp-json\/wp\/v2\/comments?post=289"}],"version-history":[{"count":375,"href":"https:\/\/exithappyland.ch\/fr\/wp-json\/wp\/v2\/pages\/289\/revisions"}],"predecessor-version":[{"id":2627,"href":"https:\/\/exithappyland.ch\/fr\/wp-json\/wp\/v2\/pages\/289\/revisions\/2627"}],"wp:attachment":[{"href":"https:\/\/exithappyland.ch\/fr\/wp-json\/wp\/v2\/media?parent=289"}],"curies":[{"name":"wp","href":"https:\/\/api.w.org\/{rel}","templated":true}]}}