{"id":224,"date":"2022-01-28T08:28:45","date_gmt":"2022-01-28T08:28:45","guid":{"rendered":"https:\/\/exithappyland.heinzer-it.ch\/?page_id=224"},"modified":"2026-03-03T10:01:37","modified_gmt":"2026-03-03T09:01:37","slug":"happyland","status":"publish","type":"page","link":"https:\/\/exithappyland.ch\/fr\/happyland\/","title":{"rendered":"Racisme"},"content":{"rendered":"<div data-elementor-type=\"wp-page\" data-elementor-id=\"224\" class=\"elementor elementor-224\" data-elementor-post-type=\"page\">\n\t\t\t\t\t\t<section class=\"elementor-section elementor-top-section elementor-element elementor-element-db646eb elementor-section-height-min-height elementor-section-items-top elementor-section-boxed elementor-section-height-default\" data-id=\"db646eb\" data-element_type=\"section\" data-e-type=\"section\" data-settings=\"{&quot;background_background&quot;:&quot;gradient&quot;}\">\n\t\t\t\t\t\t<div class=\"elementor-container elementor-column-gap-default\">\n\t\t\t\t\t<div class=\"elementor-column elementor-col-100 elementor-top-column elementor-element elementor-element-da45c6c\" data-id=\"da45c6c\" data-element_type=\"column\" data-e-type=\"column\">\n\t\t\t<div class=\"elementor-widget-wrap elementor-element-populated\">\n\t\t\t\t\t\t<div class=\"elementor-element elementor-element-adcbf97 elementor-widget elementor-widget-html\" data-id=\"adcbf97\" data-element_type=\"widget\" data-e-type=\"widget\" data-widget_type=\"html.default\">\n\t\t\t\t<div class=\"elementor-widget-container\">\n\t\t\t\t\t<script>\njQuery(document).ready(function($) {\nvar delay = 100; setTimeout(function() {\n$('.elementor-tab-title').removeClass('elementor-active');\n $('.elementor-tab-content').css('display', 'none'); }, delay);\n});\n<\/script>\t\t\t\t<\/div>\n\t\t\t\t<\/div>\n\t\t\t\t<div class=\"elementor-element elementor-element-339766d elementor-widget elementor-widget-heading\" data-id=\"339766d\" data-element_type=\"widget\" data-e-type=\"widget\" data-widget_type=\"heading.default\">\n\t\t\t\t<div class=\"elementor-widget-container\">\n\t\t\t\t\t<h2 class=\"elementor-heading-title elementor-size-default\">Apprendre \u00e0 penser et \u00e0 agir de mani\u00e8re antiraciste<\/h2>\t\t\t\t<\/div>\n\t\t\t\t<\/div>\n\t\t\t\t\t<\/div>\n\t\t<\/div>\n\t\t\t\t\t<\/div>\n\t\t<\/section>\n\t\t\t\t<section class=\"elementor-section elementor-top-section elementor-element elementor-element-b1e4609 elementor-section-height-min-height elementor-section-boxed elementor-section-height-default elementor-section-items-middle\" data-id=\"b1e4609\" data-element_type=\"section\" data-e-type=\"section\">\n\t\t\t\t\t\t<div class=\"elementor-container elementor-column-gap-default\">\n\t\t\t\t\t<div class=\"elementor-column elementor-col-100 elementor-top-column elementor-element elementor-element-003ec2a\" data-id=\"003ec2a\" data-element_type=\"column\" data-e-type=\"column\">\n\t\t\t<div class=\"elementor-widget-wrap elementor-element-populated\">\n\t\t\t\t\t\t<div class=\"elementor-element elementor-element-144580b elementor-widget elementor-widget-text-editor\" data-id=\"144580b\" data-element_type=\"widget\" data-e-type=\"widget\" data-widget_type=\"text-editor.default\">\n\t\t\t\t<div class=\"elementor-widget-container\">\n\t\t\t\t\t\t\t\t\t<div class=\"page\" title=\"Page 2\"><div class=\"section\"><div class=\"layoutArea\"><div class=\"column\"><p><b>Le racisme repose sur des pr\u00e9jug\u00e9s \u00e0 l'encontre de personnes ou de groupes de population pr\u00e9sentant certaines caract\u00e9ristiques biologiques, religions, etc.<\/b><\/p><p>Um rassistisch gepr\u00e4gte Denkmuster zu verlassen, ist es notwendig, zuerst ein grundlegendes Versta\u0308ndnis von Rassismus zu erlangen.<\/p><p>Les trois inputs suivants soutiennent la pens\u00e9e et l'action antiracistes :<\/p><\/div><\/div><\/div><\/div>\t\t\t\t\t\t\t\t<\/div>\n\t\t\t\t<\/div>\n\t\t\t\t\t<\/div>\n\t\t<\/div>\n\t\t\t\t\t<\/div>\n\t\t<\/section>\n\t\t\t\t<section class=\"elementor-section elementor-top-section elementor-element elementor-element-717ba1d elementor-section-height-min-height elementor-section-items-top elementor-section-boxed elementor-section-height-default\" data-id=\"717ba1d\" data-element_type=\"section\" data-e-type=\"section\" data-settings=\"{&quot;background_background&quot;:&quot;classic&quot;}\">\n\t\t\t\t\t\t<div class=\"elementor-container elementor-column-gap-default\">\n\t\t\t\t\t<div class=\"elementor-column elementor-col-50 elementor-top-column elementor-element elementor-element-f12398b\" data-id=\"f12398b\" data-element_type=\"column\" data-e-type=\"column\">\n\t\t\t<div class=\"elementor-widget-wrap elementor-element-populated\">\n\t\t\t\t\t\t<div class=\"elementor-element elementor-element-3e13cd4 elementor-widget elementor-widget-text-editor\" data-id=\"3e13cd4\" data-element_type=\"widget\" data-e-type=\"widget\" data-widget_type=\"text-editor.default\">\n\t\t\t\t<div class=\"elementor-widget-container\">\n\t\t\t\t\t\t\t\t\t<p>1<\/p>\t\t\t\t\t\t\t\t<\/div>\n\t\t\t\t<\/div>\n\t\t\t\t\t<\/div>\n\t\t<\/div>\n\t\t\t\t<div class=\"elementor-column elementor-col-50 elementor-top-column elementor-element elementor-element-ef84505\" data-id=\"ef84505\" data-element_type=\"column\" data-e-type=\"column\">\n\t\t\t<div class=\"elementor-widget-wrap elementor-element-populated\">\n\t\t\t\t\t\t<div class=\"elementor-element elementor-element-8dd2ae2 elementor-widget elementor-widget-text-editor\" data-id=\"8dd2ae2\" data-element_type=\"widget\" data-e-type=\"widget\" data-widget_type=\"text-editor.default\">\n\t\t\t\t<div class=\"elementor-widget-container\">\n\t\t\t\t\t\t\t\t\t<p>Entr\u00e9e<\/p>\t\t\t\t\t\t\t\t<\/div>\n\t\t\t\t<\/div>\n\t\t\t\t<div class=\"elementor-element elementor-element-19bb09b elementor-widget elementor-widget-heading\" data-id=\"19bb09b\" data-element_type=\"widget\" data-e-type=\"widget\" data-widget_type=\"heading.default\">\n\t\t\t\t<div class=\"elementor-widget-container\">\n\t\t\t\t\t<h3 class=\"elementor-heading-title elementor-size-default\">Un langage pauvre en racisme<\/h3>\t\t\t\t<\/div>\n\t\t\t\t<\/div>\n\t\t\t\t<div class=\"elementor-element elementor-element-1e8cd92 elementor-widget elementor-widget-text-editor\" data-id=\"1e8cd92\" data-element_type=\"widget\" data-e-type=\"widget\" data-widget_type=\"text-editor.default\">\n\t\t\t\t<div class=\"elementor-widget-container\">\n\t\t\t\t\t\t\t\t\t<p><b>Notre langue poss\u00e8de un potentiel de blessure et de pouvoir !<\/b><\/p>\n<p>Pour \u00e9viter cela, nous utilisons aujourd'hui un langage non raciste avec les termes \u00ab People of Color \u00bb (PoC) et \u00ab Black, Indigenous and People of Color \u00bb (BIPoC).<\/p>\t\t\t\t\t\t\t\t<\/div>\n\t\t\t\t<\/div>\n\t\t\t\t<div class=\"elementor-element elementor-element-543ea74 elementor-widget elementor-widget-heading\" data-id=\"543ea74\" data-element_type=\"widget\" data-e-type=\"widget\" data-widget_type=\"heading.default\">\n\t\t\t\t<div class=\"elementor-widget-container\">\n\t\t\t\t\t<h4 class=\"elementor-heading-title elementor-size-default\"><a href=\"#elementor-action%3Aaction%3Dpopup%3Aopen%26settings%3DeyJpZCI6IjIwMjQiLCJ0b2dnbGUiOmZhbHNlfQ%3D%3D\"><span>Glossaire contre le racisme<\/span><\/a><\/h4>\t\t\t\t<\/div>\n\t\t\t\t<\/div>\n\t\t\t\t\t<\/div>\n\t\t<\/div>\n\t\t\t\t\t<\/div>\n\t\t<\/section>\n\t\t\t\t<section class=\"elementor-section elementor-top-section elementor-element elementor-element-c48b9a7 elementor-section-height-min-height elementor-section-items-top elementor-section-boxed elementor-section-height-default\" data-id=\"c48b9a7\" data-element_type=\"section\" data-e-type=\"section\">\n\t\t\t\t\t\t<div class=\"elementor-container elementor-column-gap-default\">\n\t\t\t\t\t<div class=\"elementor-column elementor-col-50 elementor-top-column elementor-element elementor-element-9fd940a\" data-id=\"9fd940a\" data-element_type=\"column\" data-e-type=\"column\">\n\t\t\t<div class=\"elementor-widget-wrap elementor-element-populated\">\n\t\t\t\t\t\t<div class=\"elementor-element elementor-element-110c3a4 elementor-widget elementor-widget-text-editor\" data-id=\"110c3a4\" data-element_type=\"widget\" data-e-type=\"widget\" data-widget_type=\"text-editor.default\">\n\t\t\t\t<div class=\"elementor-widget-container\">\n\t\t\t\t\t\t\t\t\t<p>2<\/p>\t\t\t\t\t\t\t\t<\/div>\n\t\t\t\t<\/div>\n\t\t\t\t\t<\/div>\n\t\t<\/div>\n\t\t\t\t<div class=\"elementor-column elementor-col-50 elementor-top-column elementor-element elementor-element-8d543c1\" data-id=\"8d543c1\" data-element_type=\"column\" data-e-type=\"column\">\n\t\t\t<div class=\"elementor-widget-wrap elementor-element-populated\">\n\t\t\t\t\t\t<div class=\"elementor-element elementor-element-34235a8 elementor-widget elementor-widget-text-editor\" data-id=\"34235a8\" data-element_type=\"widget\" data-e-type=\"widget\" data-widget_type=\"text-editor.default\">\n\t\t\t\t<div class=\"elementor-widget-container\">\n\t\t\t\t\t\t\t\t\t<p>Entr\u00e9e<\/p>\t\t\t\t\t\t\t\t<\/div>\n\t\t\t\t<\/div>\n\t\t\t\t<div class=\"elementor-element elementor-element-b0f804e elementor-widget elementor-widget-heading\" data-id=\"b0f804e\" data-element_type=\"widget\" data-e-type=\"widget\" data-widget_type=\"heading.default\">\n\t\t\t\t<div class=\"elementor-widget-container\">\n\t\t\t\t\t<h3 class=\"elementor-heading-title elementor-size-default\">Privil\u00e8ges blancs<\/h3>\t\t\t\t<\/div>\n\t\t\t\t<\/div>\n\t\t\t\t<div class=\"elementor-element elementor-element-bd8e037 elementor-widget elementor-widget-text-editor\" data-id=\"bd8e037\" data-element_type=\"widget\" data-e-type=\"widget\" data-widget_type=\"text-editor.default\">\n\t\t\t\t<div class=\"elementor-widget-container\">\n\t\t\t\t\t\t\t\t\t<p>Profites-tu des privil\u00e8ges des Blancs ?<\/p>\n<p>Il s'agit d'avantages sociaux imm\u00e9rit\u00e9s li\u00e9s au fait d'\u00eatre blanc ; \u00e0 commencer par le privil\u00e8ge de ne pas faire l'objet de discrimination raciale.<\/p>\n<p>Les situations quotidiennes des privil\u00e8ges des Blancs :<\/p>\n<p><\/p>\n<ul>\n<li><b>Recherche de logement<\/b><br><p class=\"untertitel_list_white_privilege\">moins de pr\u00e9jug\u00e9s, choix plus facile<\/p>\n<\/li>\n<li><strong>Processus de candidature<\/strong><br><p class=\"untertitel_list_white_privilege\">moins de pr\u00e9jug\u00e9s, plus de chances<\/p>\n<\/li>\n<li><strong>Soup\u00e7ons criminels<\/strong><br><p class=\"untertitel_list_white_privilege\">moins de m\u00e9fiance de la part des autorit\u00e9s<\/p>\n<\/li>\n<li><strong>Pansement \"couleur chair\"<\/strong><br><p class=\"untertitel_list_white_privilege\">die Standard-Hautfarbe passt<\/p>\n<\/li>\n<\/ul>\t\t\t\t\t\t\t\t<\/div>\n\t\t\t\t<\/div>\n\t\t\t\t\t<\/div>\n\t\t<\/div>\n\t\t\t\t\t<\/div>\n\t\t<\/section>\n\t\t\t\t<section class=\"elementor-section elementor-top-section elementor-element elementor-element-21c849a elementor-section-height-min-height elementor-section-items-top elementor-section-boxed elementor-section-height-default\" data-id=\"21c849a\" data-element_type=\"section\" data-e-type=\"section\" data-settings=\"{&quot;background_background&quot;:&quot;classic&quot;}\">\n\t\t\t\t\t\t<div class=\"elementor-container elementor-column-gap-default\">\n\t\t\t\t\t<div class=\"elementor-column elementor-col-50 elementor-top-column elementor-element elementor-element-141977d\" data-id=\"141977d\" data-element_type=\"column\" data-e-type=\"column\">\n\t\t\t<div class=\"elementor-widget-wrap elementor-element-populated\">\n\t\t\t\t\t\t<div class=\"elementor-element elementor-element-24f474c elementor-widget elementor-widget-text-editor\" data-id=\"24f474c\" data-element_type=\"widget\" data-e-type=\"widget\" data-widget_type=\"text-editor.default\">\n\t\t\t\t<div class=\"elementor-widget-container\">\n\t\t\t\t\t\t\t\t\t<p>3<\/p>\t\t\t\t\t\t\t\t<\/div>\n\t\t\t\t<\/div>\n\t\t\t\t\t<\/div>\n\t\t<\/div>\n\t\t\t\t<div class=\"elementor-column elementor-col-50 elementor-top-column elementor-element elementor-element-f69d994\" data-id=\"f69d994\" data-element_type=\"column\" data-e-type=\"column\">\n\t\t\t<div class=\"elementor-widget-wrap elementor-element-populated\">\n\t\t\t\t\t\t<div class=\"elementor-element elementor-element-8586909 elementor-widget elementor-widget-text-editor\" data-id=\"8586909\" data-element_type=\"widget\" data-e-type=\"widget\" data-widget_type=\"text-editor.default\">\n\t\t\t\t<div class=\"elementor-widget-container\">\n\t\t\t\t\t\t\t\t\t<p>Entr\u00e9e<\/p>\t\t\t\t\t\t\t\t<\/div>\n\t\t\t\t<\/div>\n\t\t\t\t<div class=\"elementor-element elementor-element-a49ce0c elementor-widget elementor-widget-heading\" data-id=\"a49ce0c\" data-element_type=\"widget\" data-e-type=\"widget\" data-widget_type=\"heading.default\">\n\t\t\t\t<div class=\"elementor-widget-container\">\n\t\t\t\t\t<h3 class=\"elementor-heading-title elementor-size-default\">Fragilit\u00e9 blanche<\/h3>\t\t\t\t<\/div>\n\t\t\t\t<\/div>\n\t\t\t\t<div class=\"elementor-element elementor-element-db75886 elementor-widget elementor-widget-text-editor\" data-id=\"db75886\" data-element_type=\"widget\" data-e-type=\"widget\" data-widget_type=\"text-editor.default\">\n\t\t\t\t<div class=\"elementor-widget-container\">\n\t\t\t\t\t\t\t\t\t<p>La fragilit\u00e9 blanche sert \u00e0 prot\u00e9ger les privil\u00e8ges blancs et \u00e0 minimiser le racisme.<\/p>\n<p>Les diff\u00e9rentes phases de la gestion de son propre racisme :<\/p>\n<p><\/p>\n<ul>\n<li><b>D\u00e9fense<\/b><br><p class=\"untertitel_list_white_privilege\">nier la pens\u00e9e et les actes racistes<\/p>\n<\/li>\n<li><strong>Honte<\/strong><br><p class=\"untertitel_list_white_privilege\">Sentiment de honte pour les pens\u00e9es et les actes racistes<\/p>\n<\/li>\n<li><strong>Culpabilit\u00e9<\/strong><br><p class=\"untertitel_list_white_privilege\">Se sentir coupable d'\u00eatre blanc<\/p>\n<\/li>\n<li><b>Reconnaissance<\/b><br><p class=\"untertitel_list_white_privilege\">Comprendre sa propre socialisation raciste<\/p>\n<\/li>\n<\/ul>\t\t\t\t\t\t\t\t<\/div>\n\t\t\t\t<\/div>\n\t\t\t\t\t<\/div>\n\t\t<\/div>\n\t\t\t\t\t<\/div>\n\t\t<\/section>\n\t\t\t\t<\/div>","protected":false},"excerpt":{"rendered":"<p>Antirassistisch denken und handeln lernen Rassismus basiert auf Vorurteilen gegenu\u0308ber Menschen bzw. Bevo\u0308lkerungsgruppen mit bestimmten biologischen Merkmalen, Religionen etc. Um rassistisch gepr\u00e4gte Denkmuster zu verlassen, ist es notwendig, zuerst ein grundlegendes Versta\u0308ndnis von Rassismus zu erlangen. Die folgenden drei Inputs unterstu\u0308tzen antirassistisches Denken und Handeln: 1 Input Rassismusarme Sprache Unsere Sprache besitzt Verletzungs- und Machtpotenzial! [&hellip;]<\/p>\n","protected":false},"author":1,"featured_media":0,"parent":0,"menu_order":0,"comment_status":"closed","ping_status":"closed","template":"","meta":{"_acf_changed":false,"inline_featured_image":false,"footnotes":""},"class_list":["post-224","page","type-page","status-publish","hentry"],"acf":[],"_links":{"self":[{"href":"https:\/\/exithappyland.ch\/fr\/wp-json\/wp\/v2\/pages\/224","targetHints":{"allow":["GET"]}}],"collection":[{"href":"https:\/\/exithappyland.ch\/fr\/wp-json\/wp\/v2\/pages"}],"about":[{"href":"https:\/\/exithappyland.ch\/fr\/wp-json\/wp\/v2\/types\/page"}],"author":[{"embeddable":true,"href":"https:\/\/exithappyland.ch\/fr\/wp-json\/wp\/v2\/users\/1"}],"replies":[{"embeddable":true,"href":"https:\/\/exithappyland.ch\/fr\/wp-json\/wp\/v2\/comments?post=224"}],"version-history":[{"count":358,"href":"https:\/\/exithappyland.ch\/fr\/wp-json\/wp\/v2\/pages\/224\/revisions"}],"predecessor-version":[{"id":2630,"href":"https:\/\/exithappyland.ch\/fr\/wp-json\/wp\/v2\/pages\/224\/revisions\/2630"}],"wp:attachment":[{"href":"https:\/\/exithappyland.ch\/fr\/wp-json\/wp\/v2\/media?parent=224"}],"curies":[{"name":"wp","href":"https:\/\/api.w.org\/{rel}","templated":true}]}}